{"id":22,"date":"2019-04-16T09:37:20","date_gmt":"2019-04-16T02:37:20","guid":{"rendered":"https:\/\/bizhostvn.com\/w\/nhahang\/?page_id=22"},"modified":"2025-02-20T15:11:26","modified_gmt":"2025-02-20T08:11:26","slug":"lien-he","status":"publish","type":"page","link":"https:\/\/comnieuthienduy.com\/?page_id=22","title":{"rendered":"Li\u00ean h\u1ec7"},"content":{"rendered":"<h2 style=\"text-align: center;\"><span style=\"color: #d83131;\"><strong>Th\u00f4ng tin li\u00ean\u00a0h\u1ec7<\/strong><\/span><\/h2>\n<ul>\n<li><strong>\u0110\u1ecba ch\u1ec9:<\/strong>\u00a0R13-14-15 T\u00f4n \u0110\u1ee9c Th\u1eafng, Ph\u00fa Thu\u1ef7, TP Phan Thi\u1ebft, B\u00ecnh Thu\u1eadn<\/li>\n<li><strong>\u0110i\u1ec7n tho\u1ea1i:<\/strong>\u00a00399922245<\/li>\n<li><strong>Email:<\/strong>\u00a0dinhduythien1989@gmail.com<\/li>\n<li><strong>Website:<\/strong>\u00a0<a href=\"https:\/\/comnieuthienduy.com\/\">comnieuthienduy.com<\/a><\/li>\n<\/ul>\n<p>\u00a0<\/p>\n\n<p><iframe src=\"https:\/\/www.google.com\/maps\/embed?pb=!1m18!1m12!1m3!1d657.3481141984515!2d108.11162864295608!3d10.9399242961696!2m3!1f0!2f0!3f0!3m2!1i1024!2i768!4f13.1!3m3!1m2!1s0x317683fa401b433d%3A0xadb688301b07d9a4!2zQ8ahbSBOacOqdSBUaGnDqm4gRHV5!5e1!3m2!1svi!2s!4v1740039034529!5m2!1svi!2s\" width=\"900\" height=\"450\" style=\"border:0;\" allowfullscreen=\"\" loading=\"lazy\" referrerpolicy=\"no-referrer-when-downgrade\"><\/iframe><br \/>\n\n","protected":false},"excerpt":{"rendered":"<p>Th\u00f4ng tin li\u00ean\u00a0h\u1ec7 \u0110\u1ecba ch\u1ec9:\u00a0R13-14-15 T\u00f4n \u0110\u1ee9c Th\u1eafng, Ph\u00fa Thu\u1ef7, TP Phan Thi\u1ebft, B\u00ecnh Thu\u1eadn \u0110i\u1ec7n tho\u1ea1i:\u00a00399922245 Email:\u00a0dinhduythien1989@gmail.com Website:\u00a0comnieuthienduy.com \u00a0<\/p>\n","protected":false},"author":1,"featured_media":0,"parent":0,"menu_order":0,"comment_status":"closed","ping_status":"closed","template":"page-right-sidebar.php","meta":{"footnotes":""},"class_list":["post-22","page","type-page","status-publish","hentry"],"yoast_head":"<!-- This site is optimized with the Yoast SEO plugin v24.5 - https:\/\/yoast.com\/wordpress\/plugins\/seo\/ -->\n<title>Li\u00ean h\u1ec7 - C\u01a1m Ni\u00eau Thi\u00ean Duy<\/title>\n<meta name=\"robots\" content=\"index, follow, max-snippet:-1, max-image-preview:large, max-video-preview:-1\" \/>\n<link rel=\"canonical\" href=\"http:\/\/comnieuthienduy.com\/?page_id=22\" \/>\n<meta property=\"og:locale\" content=\"vi_VN\" \/>\n<meta property=\"og:type\" content=\"article\" \/>\n<meta property=\"og:title\" content=\"Li\u00ean h\u1ec7 - C\u01a1m Ni\u00eau Thi\u00ean Duy\" \/>\n<meta property=\"og:description\" content=\"Th\u00f4ng tin li\u00ean\u00a0h\u1ec7 \u0110\u1ecba ch\u1ec9:\u00a0R13-14-15 T\u00f4n \u0110\u1ee9c Th\u1eafng, Ph\u00fa Thu\u1ef7, TP Phan Thi\u1ebft, B\u00ecnh Thu\u1eadn \u0110i\u1ec7n tho\u1ea1i:\u00a00399922245 Email:\u00a0dinhduythien1989@gmail.com Website:\u00a0comnieuthienduy.com \u00a0\" \/>\n<meta property=\"og:url\" content=\"http:\/\/comnieuthienduy.com\/?page_id=22\" \/>\n<meta property=\"og:site_name\" content=\"C\u01a1m Ni\u00eau Thi\u00ean Duy\" \/>\n<meta property=\"article:modified_time\" content=\"2025-02-20T08:11:26+00:00\" \/>\n<meta name=\"twitter:card\" content=\"summary_large_image\" \/>\n<script type=\"application\/ld+json\" class=\"yoast-schema-graph\">{\"@context\":\"https:\/\/schema.org\",\"@graph\":[{\"@type\":\"WebPage\",\"@id\":\"http:\/\/comnieuthienduy.com\/?page_id=22\",\"url\":\"http:\/\/comnieuthienduy.com\/?page_id=22\",\"name\":\"Li\u00ean h\u1ec7 - C\u01a1m Ni\u00eau Thi\u00ean Duy\",\"isPartOf\":{\"@id\":\"https:\/\/comnieuthienduy.com\/#website\"},\"datePublished\":\"2019-04-16T02:37:20+00:00\",\"dateModified\":\"2025-02-20T08:11:26+00:00\",\"breadcrumb\":{\"@id\":\"http:\/\/comnieuthienduy.com\/?page_id=22#breadcrumb\"},\"inLanguage\":\"vi\",\"potentialAction\":[{\"@type\":\"ReadAction\",\"target\":[\"http:\/\/comnieuthienduy.com\/?page_id=22\"]}]},{\"@type\":\"BreadcrumbList\",\"@id\":\"http:\/\/comnieuthienduy.com\/?page_id=22#breadcrumb\",\"itemListElement\":[{\"@type\":\"ListItem\",\"position\":1,\"name\":\"Trang ch\u1ee7\",\"item\":\"https:\/\/comnieuthienduy.com\/\"},{\"@type\":\"ListItem\",\"position\":2,\"name\":\"Li\u00ean h\u1ec7\"}]},{\"@type\":\"WebSite\",\"@id\":\"https:\/\/comnieuthienduy.com\/#website\",\"url\":\"https:\/\/comnieuthienduy.com\/\",\"name\":\"C\u01a1m Ni\u00eau Thi\u00ean Duy\",\"description\":\"C\u01a1m Ni\u00eau Thi\u00ean Duy \",\"potentialAction\":[{\"@type\":\"SearchAction\",\"target\":{\"@type\":\"EntryPoint\",\"urlTemplate\":\"https:\/\/comnieuthienduy.com\/?s={search_term_string}\"},\"query-input\":{\"@type\":\"PropertyValueSpecification\",\"valueRequired\":true,\"valueName\":\"search_term_string\"}}],\"inLanguage\":\"vi\"}]}<\/script>\n<!-- \/ Yoast SEO plugin. -->","yoast_head_json":{"title":"Li\u00ean h\u1ec7 - C\u01a1m Ni\u00eau Thi\u00ean Duy","robots":{"index":"index","follow":"follow","max-snippet":"max-snippet:-1","max-image-preview":"max-image-preview:large","max-video-preview":"max-video-preview:-1"},"canonical":"http:\/\/comnieuthienduy.com\/?page_id=22","og_locale":"vi_VN","og_type":"article","og_title":"Li\u00ean h\u1ec7 - C\u01a1m Ni\u00eau Thi\u00ean Duy","og_description":"Th\u00f4ng tin li\u00ean\u00a0h\u1ec7 \u0110\u1ecba ch\u1ec9:\u00a0R13-14-15 T\u00f4n \u0110\u1ee9c Th\u1eafng, Ph\u00fa Thu\u1ef7, TP Phan Thi\u1ebft, B\u00ecnh Thu\u1eadn \u0110i\u1ec7n tho\u1ea1i:\u00a00399922245 Email:\u00a0dinhduythien1989@gmail.com Website:\u00a0comnieuthienduy.com \u00a0","og_url":"http:\/\/comnieuthienduy.com\/?page_id=22","og_site_name":"C\u01a1m Ni\u00eau Thi\u00ean Duy","article_modified_time":"2025-02-20T08:11:26+00:00","twitter_card":"summary_large_image","schema":{"@context":"https:\/\/schema.org","@graph":[{"@type":"WebPage","@id":"http:\/\/comnieuthienduy.com\/?page_id=22","url":"http:\/\/comnieuthienduy.com\/?page_id=22","name":"Li\u00ean h\u1ec7 - C\u01a1m Ni\u00eau Thi\u00ean Duy","isPartOf":{"@id":"https:\/\/comnieuthienduy.com\/#website"},"datePublished":"2019-04-16T02:37:20+00:00","dateModified":"2025-02-20T08:11:26+00:00","breadcrumb":{"@id":"http:\/\/comnieuthienduy.com\/?page_id=22#breadcrumb"},"inLanguage":"vi","potentialAction":[{"@type":"ReadAction","target":["http:\/\/comnieuthienduy.com\/?page_id=22"]}]},{"@type":"BreadcrumbList","@id":"http:\/\/comnieuthienduy.com\/?page_id=22#breadcrumb","itemListElement":[{"@type":"ListItem","position":1,"name":"Trang ch\u1ee7","item":"https:\/\/comnieuthienduy.com\/"},{"@type":"ListItem","position":2,"name":"Li\u00ean h\u1ec7"}]},{"@type":"WebSite","@id":"https:\/\/comnieuthienduy.com\/#website","url":"https:\/\/comnieuthienduy.com\/","name":"C\u01a1m Ni\u00eau Thi\u00ean Duy","description":"C\u01a1m Ni\u00eau Thi\u00ean Duy ","potentialAction":[{"@type":"SearchAction","target":{"@type":"EntryPoint","urlTemplate":"https:\/\/comnieuthienduy.com\/?s={search_term_string}"},"query-input":{"@type":"PropertyValueSpecification","valueRequired":true,"valueName":"search_term_string"}}],"inLanguage":"vi"}]}},"_links":{"self":[{"href":"https:\/\/comnieuthienduy.com\/index.php?rest_route=\/wp\/v2\/pages\/22","targetHints":{"allow":["GET"]}}],"collection":[{"href":"https:\/\/comnieuthienduy.com\/index.php?rest_route=\/wp\/v2\/pages"}],"about":[{"href":"https:\/\/comnieuthienduy.com\/index.php?rest_route=\/wp\/v2\/types\/page"}],"author":[{"embeddable":true,"href":"https:\/\/comnieuthienduy.com\/index.php?rest_route=\/wp\/v2\/users\/1"}],"replies":[{"embeddable":true,"href":"https:\/\/comnieuthienduy.com\/index.php?rest_route=%2Fwp%2Fv2%2Fcomments&post=22"}],"version-history":[{"count":9,"href":"https:\/\/comnieuthienduy.com\/index.php?rest_route=\/wp\/v2\/pages\/22\/revisions"}],"predecessor-version":[{"id":1017,"href":"https:\/\/comnieuthienduy.com\/index.php?rest_route=\/wp\/v2\/pages\/22\/revisions\/1017"}],"wp:attachment":[{"href":"https:\/\/comnieuthienduy.com\/index.php?rest_route=%2Fwp%2Fv2%2Fmedia&parent=22"}],"curies":[{"name":"wp","href":"https:\/\/api.w.org\/{rel}","templated":true}]}}