{"id":20,"date":"2019-04-16T09:37:12","date_gmt":"2019-04-16T02:37:12","guid":{"rendered":"https:\/\/bizhostvn.com\/w\/nhahang\/?page_id=20"},"modified":"2025-02-20T15:01:26","modified_gmt":"2025-02-20T08:01:26","slug":"gioi-thieu","status":"publish","type":"page","link":"https:\/\/comnieuthienduy.com\/?page_id=20","title":{"rendered":"Gi\u1edbi thi\u1ec7u"},"content":{"rendered":"<p><em><strong>Xin ch\u00e0o qu\u00fd kh\u00e1ch!<\/strong><\/em><\/p>\n<p>L\u1eddi \u0111\u1ea7u ti\u00ean, cho ph\u00e9p C\u01a1m Ni\u00eau Thi\u00ean Duy \u0111\u01b0\u1ee3c g\u1eedi t\u1edbi qu\u00fd kh\u00e1ch, qu\u00fd th\u00e2n nh\u00e2n v\u00e0 b\u1ea1n b\u00e8 l\u1eddi ch\u00fac s\u1ee9c kh\u1ecfe, th\u00e0nh \u0111\u1ea1t v\u00e0 h\u1ea1nh ph\u00fac.<\/p>\n<p>Trong cu\u1ed9c s\u1ed1ng b\u1eadn r\u1ed9n, \u0111\u00f4i khi ta ch\u1ec9 mong c\u00f3 m\u1ed9t b\u1eefa c\u01a1m nh\u00e0 \u0111\u00fang ngh\u0129a \u2013 \u0111\u01a1n gi\u1ea3n, \u1ea5m \u00e1p v\u00e0 tr\u00e0n \u0111\u1ea7y y\u00eau th\u01b0\u01a1ng. C\u01a1m Ni\u00eau Thi\u00ean Duy ra \u0111\u1eddi \u0111\u1ec3 mang \u0111\u1ebfn cho th\u1ef1c kh\u00e1ch nh\u1eefng b\u1eefa \u0103n \u0111\u1eadm \u0111\u00e0 h\u01b0\u01a1ng v\u1ecb Vi\u1ec7t, n\u01a1i b\u1ea1n c\u00f3 th\u1ec3 t\u00ecm th\u1ea5y s\u1ef1 th\u00e2n thu\u1ed9c trong t\u1eebng m\u00f3n \u0103n.<\/p>\n<p>\u0110i\u1ec3m nh\u1ea5n c\u1ee7a nh\u00e0 h\u00e0ng ch\u00ednh l\u00e0 nh\u1eefng ni\u00eau c\u01a1m d\u1ebbo th\u01a1m, v\u1edbi l\u1edbp ch\u00e1y v\u00e0ng gi\u00f2n, g\u1ee3i nh\u1edb v\u1ec1 nh\u1eefng b\u1eefa c\u01a1m gia \u0111\u00ecnh th\u1eddi th\u01a1 \u1ea5u. H\u1ea1t c\u01a1m \u0111\u01b0\u1ee3c n\u1ea5u t\u1eeb g\u1ea1o tuy\u1ec3n ch\u1ecdn, mang l\u1ea1i \u0111\u1ed9 m\u1ec1m d\u1ebbo v\u1eeba \u0111\u1ee7, k\u1ebft h\u1ee3p v\u1edbi c\u00e1c m\u00f3n \u0103n truy\u1ec1n th\u1ed1ng m\u1ed9c m\u1ea1c g\u1ea7n g\u0169i. M\u1ed7i m\u00f3n \u0103n kh\u00f4ng ch\u1ec9 ngon m\u00e0 c\u00f2n mang \u0111\u1ebfn c\u1ea3m gi\u00e1c nh\u01b0 \u0111ang d\u00f9ng b\u1eefa b\u00ean gia \u0111\u00ecnh th\u00e2n y\u00eau.<\/p>\n<p>C\u01a1m Ni\u00eau Thi\u00ean Duy kh\u00f4ng ch\u1ec9 l\u00e0 m\u1ed9t nh\u00e0 h\u00e0ng, m\u00e0 c\u00f2n l\u00e0 n\u01a1i \u0111\u1ec3 b\u1ea1n v\u00e0 gia \u0111\u00ecnh c\u00f3 nh\u1eefng ph\u00fat gi\u00e2y sum v\u1ea7y tr\u1ecdn v\u1eb9n. H\u00e3y \u0111\u1ebfn v\u1edbi ch\u00fang t\u00f4i \u0111\u1ec3 t\u1eadn h\u01b0\u1edfng h\u01b0\u01a1ng v\u1ecb qu\u00ea h\u01b0\u01a1ng trong t\u1eebng ni\u00eau c\u01a1m n\u00f3ng h\u1ed5i!<\/p>\n<p>H\u1eb9n g\u1eb7p b\u1ea1n t\u1ea1i C\u01a1m Ni\u00eau Thi\u00ean Duy!<\/p>\n<p><em><strong>Tr\u00e2n tr\u1ecdng,<\/strong><\/em><\/p>\n<p><strong>C\u01a1m Ni\u00eau Thi\u00ean Duy<\/strong><\/p>\n","protected":false},"excerpt":{"rendered":"<p>Xin ch\u00e0o qu\u00fd kh\u00e1ch! L\u1eddi \u0111\u1ea7u ti\u00ean, cho ph\u00e9p C\u01a1m Ni\u00eau Thi\u00ean Duy \u0111\u01b0\u1ee3c g\u1eedi t\u1edbi qu\u00fd kh\u00e1ch, qu\u00fd th\u00e2n nh\u00e2n v\u00e0 b\u1ea1n b\u00e8 l\u1eddi ch\u00fac s\u1ee9c kh\u1ecfe, th\u00e0nh \u0111\u1ea1t v\u00e0 h\u1ea1nh ph\u00fac. Trong cu\u1ed9c s\u1ed1ng b\u1eadn r\u1ed9n, \u0111\u00f4i khi ta ch\u1ec9 mong c\u00f3 m\u1ed9t b\u1eefa c\u01a1m nh\u00e0 \u0111\u00fang ngh\u0129a \u2013 \u0111\u01a1n gi\u1ea3n, \u1ea5m \u00e1p &#8230;<\/p>\n","protected":false},"author":1,"featured_media":0,"parent":0,"menu_order":0,"comment_status":"closed","ping_status":"closed","template":"page-right-sidebar.php","meta":{"footnotes":""},"class_list":["post-20","page","type-page","status-publish","hentry"],"yoast_head":"<!-- This site is optimized with the Yoast SEO plugin v24.5 - https:\/\/yoast.com\/wordpress\/plugins\/seo\/ -->\n<title>Gi\u1edbi thi\u1ec7u - C\u01a1m Ni\u00eau Thi\u00ean Duy<\/title>\n<meta name=\"robots\" content=\"index, follow, max-snippet:-1, max-image-preview:large, max-video-preview:-1\" \/>\n<link rel=\"canonical\" href=\"https:\/\/comnieuthienduy.com\/?page_id=20\" \/>\n<meta property=\"og:locale\" content=\"vi_VN\" \/>\n<meta property=\"og:type\" content=\"article\" \/>\n<meta property=\"og:title\" content=\"Gi\u1edbi thi\u1ec7u - C\u01a1m Ni\u00eau Thi\u00ean Duy\" \/>\n<meta property=\"og:description\" content=\"Xin ch\u00e0o qu\u00fd kh\u00e1ch! L\u1eddi \u0111\u1ea7u ti\u00ean, cho ph\u00e9p C\u01a1m Ni\u00eau Thi\u00ean Duy \u0111\u01b0\u1ee3c g\u1eedi t\u1edbi qu\u00fd kh\u00e1ch, qu\u00fd th\u00e2n nh\u00e2n v\u00e0 b\u1ea1n b\u00e8 l\u1eddi ch\u00fac s\u1ee9c kh\u1ecfe, th\u00e0nh \u0111\u1ea1t v\u00e0 h\u1ea1nh ph\u00fac. Trong cu\u1ed9c s\u1ed1ng b\u1eadn r\u1ed9n, \u0111\u00f4i khi ta ch\u1ec9 mong c\u00f3 m\u1ed9t b\u1eefa c\u01a1m nh\u00e0 \u0111\u00fang ngh\u0129a \u2013 \u0111\u01a1n gi\u1ea3n, \u1ea5m \u00e1p ...\" \/>\n<meta property=\"og:url\" content=\"https:\/\/comnieuthienduy.com\/?page_id=20\" \/>\n<meta property=\"og:site_name\" content=\"C\u01a1m Ni\u00eau Thi\u00ean Duy\" \/>\n<meta property=\"article:modified_time\" content=\"2025-02-20T08:01:26+00:00\" \/>\n<meta name=\"twitter:card\" content=\"summary_large_image\" \/>\n<meta name=\"twitter:label1\" content=\"\u01af\u1edbc t\u00ednh th\u1eddi gian \u0111\u1ecdc\" \/>\n\t<meta name=\"twitter:data1\" content=\"2 ph\u00fat\" \/>\n<script type=\"application\/ld+json\" class=\"yoast-schema-graph\">{\"@context\":\"https:\/\/schema.org\",\"@graph\":[{\"@type\":\"WebPage\",\"@id\":\"https:\/\/comnieuthienduy.com\/?page_id=20\",\"url\":\"https:\/\/comnieuthienduy.com\/?page_id=20\",\"name\":\"Gi\u1edbi thi\u1ec7u - C\u01a1m Ni\u00eau Thi\u00ean Duy\",\"isPartOf\":{\"@id\":\"https:\/\/comnieuthienduy.com\/#website\"},\"datePublished\":\"2019-04-16T02:37:12+00:00\",\"dateModified\":\"2025-02-20T08:01:26+00:00\",\"breadcrumb\":{\"@id\":\"https:\/\/comnieuthienduy.com\/?page_id=20#breadcrumb\"},\"inLanguage\":\"vi\",\"potentialAction\":[{\"@type\":\"ReadAction\",\"target\":[\"https:\/\/comnieuthienduy.com\/?page_id=20\"]}]},{\"@type\":\"BreadcrumbList\",\"@id\":\"https:\/\/comnieuthienduy.com\/?page_id=20#breadcrumb\",\"itemListElement\":[{\"@type\":\"ListItem\",\"position\":1,\"name\":\"Trang ch\u1ee7\",\"item\":\"https:\/\/comnieuthienduy.com\/\"},{\"@type\":\"ListItem\",\"position\":2,\"name\":\"Gi\u1edbi thi\u1ec7u\"}]},{\"@type\":\"WebSite\",\"@id\":\"https:\/\/comnieuthienduy.com\/#website\",\"url\":\"https:\/\/comnieuthienduy.com\/\",\"name\":\"C\u01a1m Ni\u00eau Thi\u00ean Duy\",\"description\":\"C\u01a1m Ni\u00eau Thi\u00ean Duy \",\"potentialAction\":[{\"@type\":\"SearchAction\",\"target\":{\"@type\":\"EntryPoint\",\"urlTemplate\":\"https:\/\/comnieuthienduy.com\/?s={search_term_string}\"},\"query-input\":{\"@type\":\"PropertyValueSpecification\",\"valueRequired\":true,\"valueName\":\"search_term_string\"}}],\"inLanguage\":\"vi\"}]}<\/script>\n<!-- \/ Yoast SEO plugin. -->","yoast_head_json":{"title":"Gi\u1edbi thi\u1ec7u - C\u01a1m Ni\u00eau Thi\u00ean Duy","robots":{"index":"index","follow":"follow","max-snippet":"max-snippet:-1","max-image-preview":"max-image-preview:large","max-video-preview":"max-video-preview:-1"},"canonical":"https:\/\/comnieuthienduy.com\/?page_id=20","og_locale":"vi_VN","og_type":"article","og_title":"Gi\u1edbi thi\u1ec7u - C\u01a1m Ni\u00eau Thi\u00ean Duy","og_description":"Xin ch\u00e0o qu\u00fd kh\u00e1ch! L\u1eddi \u0111\u1ea7u ti\u00ean, cho ph\u00e9p C\u01a1m Ni\u00eau Thi\u00ean Duy \u0111\u01b0\u1ee3c g\u1eedi t\u1edbi qu\u00fd kh\u00e1ch, qu\u00fd th\u00e2n nh\u00e2n v\u00e0 b\u1ea1n b\u00e8 l\u1eddi ch\u00fac s\u1ee9c kh\u1ecfe, th\u00e0nh \u0111\u1ea1t v\u00e0 h\u1ea1nh ph\u00fac. Trong cu\u1ed9c s\u1ed1ng b\u1eadn r\u1ed9n, \u0111\u00f4i khi ta ch\u1ec9 mong c\u00f3 m\u1ed9t b\u1eefa c\u01a1m nh\u00e0 \u0111\u00fang ngh\u0129a \u2013 \u0111\u01a1n gi\u1ea3n, \u1ea5m \u00e1p ...","og_url":"https:\/\/comnieuthienduy.com\/?page_id=20","og_site_name":"C\u01a1m Ni\u00eau Thi\u00ean Duy","article_modified_time":"2025-02-20T08:01:26+00:00","twitter_card":"summary_large_image","twitter_misc":{"\u01af\u1edbc t\u00ednh th\u1eddi gian \u0111\u1ecdc":"2 ph\u00fat"},"schema":{"@context":"https:\/\/schema.org","@graph":[{"@type":"WebPage","@id":"https:\/\/comnieuthienduy.com\/?page_id=20","url":"https:\/\/comnieuthienduy.com\/?page_id=20","name":"Gi\u1edbi thi\u1ec7u - C\u01a1m Ni\u00eau Thi\u00ean Duy","isPartOf":{"@id":"https:\/\/comnieuthienduy.com\/#website"},"datePublished":"2019-04-16T02:37:12+00:00","dateModified":"2025-02-20T08:01:26+00:00","breadcrumb":{"@id":"https:\/\/comnieuthienduy.com\/?page_id=20#breadcrumb"},"inLanguage":"vi","potentialAction":[{"@type":"ReadAction","target":["https:\/\/comnieuthienduy.com\/?page_id=20"]}]},{"@type":"BreadcrumbList","@id":"https:\/\/comnieuthienduy.com\/?page_id=20#breadcrumb","itemListElement":[{"@type":"ListItem","position":1,"name":"Trang ch\u1ee7","item":"https:\/\/comnieuthienduy.com\/"},{"@type":"ListItem","position":2,"name":"Gi\u1edbi thi\u1ec7u"}]},{"@type":"WebSite","@id":"https:\/\/comnieuthienduy.com\/#website","url":"https:\/\/comnieuthienduy.com\/","name":"C\u01a1m Ni\u00eau Thi\u00ean Duy","description":"C\u01a1m Ni\u00eau Thi\u00ean Duy ","potentialAction":[{"@type":"SearchAction","target":{"@type":"EntryPoint","urlTemplate":"https:\/\/comnieuthienduy.com\/?s={search_term_string}"},"query-input":{"@type":"PropertyValueSpecification","valueRequired":true,"valueName":"search_term_string"}}],"inLanguage":"vi"}]}},"_links":{"self":[{"href":"https:\/\/comnieuthienduy.com\/index.php?rest_route=\/wp\/v2\/pages\/20","targetHints":{"allow":["GET"]}}],"collection":[{"href":"https:\/\/comnieuthienduy.com\/index.php?rest_route=\/wp\/v2\/pages"}],"about":[{"href":"https:\/\/comnieuthienduy.com\/index.php?rest_route=\/wp\/v2\/types\/page"}],"author":[{"embeddable":true,"href":"https:\/\/comnieuthienduy.com\/index.php?rest_route=\/wp\/v2\/users\/1"}],"replies":[{"embeddable":true,"href":"https:\/\/comnieuthienduy.com\/index.php?rest_route=%2Fwp%2Fv2%2Fcomments&post=20"}],"version-history":[{"count":2,"href":"https:\/\/comnieuthienduy.com\/index.php?rest_route=\/wp\/v2\/pages\/20\/revisions"}],"predecessor-version":[{"id":1010,"href":"https:\/\/comnieuthienduy.com\/index.php?rest_route=\/wp\/v2\/pages\/20\/revisions\/1010"}],"wp:attachment":[{"href":"https:\/\/comnieuthienduy.com\/index.php?rest_route=%2Fwp%2Fv2%2Fmedia&parent=20"}],"curies":[{"name":"wp","href":"https:\/\/api.w.org\/{rel}","templated":true}]}}